{"id":1489,"date":"2016-06-22T13:55:09","date_gmt":"2016-06-22T11:55:09","guid":{"rendered":"http:\/\/www.bejart.ch\/en\/?page_id=1489"},"modified":"2026-03-24T09:20:18","modified_gmt":"2026-03-24T08:20:18","slug":"bejart-ballet-lausanne-foundation","status":"publish","type":"page","link":"https:\/\/www.bejart.ch\/en\/bejart-ballet-lausanne-foundation\/","title":{"rendered":"B\u00e9jart Ballet Lausanne Foundation"},"content":{"rendered":"<p><strong>The B\u00e9jart Ballet Lausanne Foundation handles the <a href=\"https:\/\/www.bejart.ch\/en\/company\/presentation\/\">company<\/a> founded in 1987.<\/strong><\/p>\n<p>The B\u00e9jart Ballet Lausanne Foundation aims to ensure the reception, existence, and development of the B\u00e9jart Ballet Lausanne, to promote the BBL in Lausanne, Switzerland, and internationally, and to promote all activities related to dance.<\/p>\n","protected":false},"excerpt":{"rendered":"<p>The B\u00e9jart Ballet Lausanne Foundation handles the company founded in 1987. The B\u00e9jart Ballet Lausanne Foundation aims to ensure the reception, existence, and development of the B\u00e9jart Ballet Lausanne, to promote the BBL in Lausanne, Switzerland, and internationally, and to promote all activities related to dance.<\/p>\n","protected":false},"author":1,"featured_media":0,"parent":0,"menu_order":128,"comment_status":"closed","ping_status":"closed","template":"page-image.php","meta":{"_acf_changed":false,"_monsterinsights_skip_tracking":false,"_monsterinsights_sitenote_active":false,"_monsterinsights_sitenote_note":"","_monsterinsights_sitenote_category":0,"footnotes":""},"class_list":["post-1489","page","type-page","status-publish","hentry"],"acf":[],"_links":{"self":[{"href":"https:\/\/www.bejart.ch\/en\/wp-json\/wp\/v2\/pages\/1489","targetHints":{"allow":["GET"]}}],"collection":[{"href":"https:\/\/www.bejart.ch\/en\/wp-json\/wp\/v2\/pages"}],"about":[{"href":"https:\/\/www.bejart.ch\/en\/wp-json\/wp\/v2\/types\/page"}],"author":[{"embeddable":true,"href":"https:\/\/www.bejart.ch\/en\/wp-json\/wp\/v2\/users\/1"}],"replies":[{"embeddable":true,"href":"https:\/\/www.bejart.ch\/en\/wp-json\/wp\/v2\/comments?post=1489"}],"version-history":[{"count":0,"href":"https:\/\/www.bejart.ch\/en\/wp-json\/wp\/v2\/pages\/1489\/revisions"}],"wp:attachment":[{"href":"https:\/\/www.bejart.ch\/en\/wp-json\/wp\/v2\/media?parent=1489"}],"curies":[{"name":"wp","href":"https:\/\/api.w.org\/{rel}","templated":true}]}}