{"id":39614,"date":"2024-02-12T10:41:50","date_gmt":"2024-02-12T09:41:50","guid":{"rendered":"https:\/\/www.bejart.ch\/company\/gil-roman\/"},"modified":"2026-03-03T15:53:10","modified_gmt":"2026-03-03T14:53:10","slug":"julien-favreau","status":"publish","type":"page","link":"https:\/\/www.bejart.ch\/en\/company\/julien-favreau\/","title":{"rendered":"Julien Favreau"},"content":{"rendered":"<h4>\u00a0Julien Favreau has been part of the B\u00e9jart Ballet Lausanne for thirty years.<br \/>\nA standout performer in the ballets of Maurice B\u00e9jart, he has built his entire career at the heart of the B\u00e9jart Ballet Lausanne, where he has embodied some of the most emblematic roles of the repertoire. Since September 2024, he has served as its Artistic Director.<\/h4>\n<p><!--more--><\/p>\n<p>&nbsp;<\/p>\n<p>At the helm of the company, Julien Favreau in turn claims the preservation of the entrusted heritage and its authenticity, while bringing a contemporary energy to it.<\/p>\n<p>Winner of the <em>Prix des \u00c9toiles de Ballet 2000<\/em> in Cannes in 2006 and the <em>Premio Positano &#8220;Leonide Massine&#8221;<\/em> per la danza in 2012, Julien Favreau studied classical and contemporary dance at the \u00c9cole Nationale de Musique et de Danse de La Rochelle under the direction of Colette Milner.<\/p>\n<p>He joined the <a href=\"https:\/\/www.bejart.ch\/en\/rudra-bejart-school-lausanne\/\">\u00c9cole-Atelier Rudra B\u00e9jart<\/a> in 1994. The following year, noticed by Maurice B\u00e9jart, he joined the company. From then on, the Master entrusted him with significant roles created specifically for him, in productions such as<em>\u00a0<a href=\"https:\/\/www.bejart.ch\/en\/ballet\/zarathoustra-le-chant-de-la-danse\/\">Zarathoustra, Le chant de la danse<\/a>, <a href=\"https:\/\/www.bejart.ch\/en\/ballet\/lamour-la-danse\/\">L&#8217;Amour-la Danse<\/a>,<a href=\"https:\/\/www.bejart.ch\/en\/ballet\/elton-berg\/\"> Elton Berg,<\/a><\/em>\u00a0<em>La Route de la Soie, Enfant-Roi <\/em>and <em><a href=\"https:\/\/www.bejart.ch\/en\/spectacle\/nutcracker-lausanne\/\">Nutcracker<\/a><\/em>. In ballet revivals, he was given several key roles such as in <em><a href=\"https:\/\/www.bejart.ch\/en\/ballet\/le-sacre-du-printemps\/\">The Rite of Spring<\/a>, <a href=\"https:\/\/www.bejart.ch\/en\/ballet\/ballet-for-life\/\">Ballet for Life<\/a>, <a href=\"https:\/\/www.bejart.ch\/en\/ballet\/serait-ce-la-mort\/\">Serait-ce la Mort ?<\/a>, <a href=\"https:\/\/www.bejart.ch\/en\/ballet\/brel-et-barbara\/\">Brel et Barbara<\/a>, <a href=\"https:\/\/www.bejart.ch\/en\/ballet\/the-magic-flute\/\">The Magic Flute<\/a>, Dibouk, Le Teck<\/em> and <em>Bhakti<\/em>.<\/p>\n<p>Under the artistic direction of Gil Roman from 2007 onwards, he took on soloist roles in the BBL&#8217;s repertoire, starting with the famous role of &#8220;La M\u00e9lodie&#8221; in <em><a href=\"https:\/\/www.bejart.ch\/en\/ballet\/bolero\/\">Bolero<\/a>,<\/em> but also in <em><a href=\"https:\/\/www.bejart.ch\/en\/ballet\/light\/\">Light<\/a>, <a href=\"https:\/\/www.bejart.ch\/en\/ballet\/le-concours\/\">Le Concours<\/a>, <a href=\"https:\/\/www.bejart.ch\/en\/ballet\/3398\/\">Le Marteau sans ma\u00eetre<\/a>, Sonate \u00e0 3, <a href=\"https:\/\/www.bejart.ch\/en\/ballet\/bejart-fete-maurice\/\">B\u00e9jart f\u00eate Maurice<\/a>, <a href=\"https:\/\/www.bejart.ch\/en\/ballet\/ixe-symphonie\/\">The Ninth Symphony<\/a>, <a href=\"https:\/\/www.bejart.ch\/en\/ballet\/un-cygne-dautrefois\/\">Un cygne d&#8217;autrefois se souvient que c&#8217;est lui<\/a><\/em> and <a href=\"https:\/\/www.bejart.ch\/en\/ballet\/wien-wien-nur-du-allein\/\"><em>Wien, Wien, nur du Allein<\/em><\/a>. Julien also participated in Gil Roman&#8217;s creations, such as <em><a href=\"https:\/\/www.bejart.ch\/en\/ballet\/casino-des-esprits\/\">Casino des Esprits<\/a>, <a href=\"https:\/\/www.bejart.ch\/en\/ballet\/anima-blues\/\">Anima Blues<\/a>, <a href=\"https:\/\/www.bejart.ch\/en\/ballet\/aria\/\">Aria<\/a>, <a href=\"https:\/\/www.bejart.ch\/en\/ballet\/tombees-de-la-derniere-pluie\/\">Tomb\u00e9es de la derni\u00e8re pluie<\/a>, <a href=\"https:\/\/www.bejart.ch\/en\/ballet\/t-m-et-variations\/\">t&#8217;M et variations&#8230;<\/a><\/em> and <a href=\"https:\/\/www.bejart.ch\/en\/ballet\/tous-les-hommes\/\"><em>Tous les hommes presque toujours s&#8217;imaginent<\/em><\/a>. He was featured in the works of BBL\u2019s guest choreographers such as Andonis Foniadakis, <a href=\"https:\/\/www.bejart.ch\/en\/guest\/guest-choreographers\/sthan-kabar-louet\/\">Sthan Kabar-Louet<\/a>, <a href=\"https:\/\/www.bejart.ch\/en\/guest\/guest-choreographers\/tony-fabre\/\">Tony Fabre<\/a>, Marc Hollogne, <a href=\"https:\/\/www.bejart.ch\/en\/guest\/guest-choreographers\/yuka-oishi\/\">Yuka Oishi<\/a> and <a href=\"https:\/\/www.bejart.ch\/en\/guest\/guest-choreographers\/valentina-turcu-2\/\">Valentina Turcu<\/a>.<\/p>\n<p>Julien Favreau is frequently invited to international galas and was the subject of a documentary directed by Michel Dami in 2005, \u201cJulien Favreau, en attendant Zarathoustra\u201d, for the T\u00e9l\u00e9vision Suisse Romande.<\/p>\n","protected":false},"excerpt":{"rendered":"<p>\u00a0Julien Favreau has been part of the B\u00e9jart Ballet Lausanne for thirty years. A standout performer in the ballets of Maurice B\u00e9jart, he has built his entire career at the heart of the B\u00e9jart Ballet Lausanne, where he has embodied some of the most emblematic roles of the repertoire. Since September 2024, he has served [&hellip;]<\/p>\n","protected":false},"author":1,"featured_media":0,"parent":904,"menu_order":53,"comment_status":"closed","ping_status":"closed","template":"page-image.php","meta":{"_acf_changed":false,"_monsterinsights_skip_tracking":false,"_monsterinsights_sitenote_active":false,"_monsterinsights_sitenote_note":"","_monsterinsights_sitenote_category":0,"footnotes":""},"class_list":["post-39614","page","type-page","status-publish","hentry"],"acf":[],"_links":{"self":[{"href":"https:\/\/www.bejart.ch\/en\/wp-json\/wp\/v2\/pages\/39614","targetHints":{"allow":["GET"]}}],"collection":[{"href":"https:\/\/www.bejart.ch\/en\/wp-json\/wp\/v2\/pages"}],"about":[{"href":"https:\/\/www.bejart.ch\/en\/wp-json\/wp\/v2\/types\/page"}],"author":[{"embeddable":true,"href":"https:\/\/www.bejart.ch\/en\/wp-json\/wp\/v2\/users\/1"}],"replies":[{"embeddable":true,"href":"https:\/\/www.bejart.ch\/en\/wp-json\/wp\/v2\/comments?post=39614"}],"version-history":[{"count":0,"href":"https:\/\/www.bejart.ch\/en\/wp-json\/wp\/v2\/pages\/39614\/revisions"}],"up":[{"embeddable":true,"href":"https:\/\/www.bejart.ch\/en\/wp-json\/wp\/v2\/pages\/904"}],"wp:attachment":[{"href":"https:\/\/www.bejart.ch\/en\/wp-json\/wp\/v2\/media?parent=39614"}],"curies":[{"name":"wp","href":"https:\/\/api.w.org\/{rel}","templated":true}]}}