{"id":41265,"date":"2024-08-27T15:41:01","date_gmt":"2024-08-27T13:41:01","guid":{"rendered":"https:\/\/www.bejart.ch\/guest\/choreographers\/joost-vrouenraets-2\/"},"modified":"2024-08-27T15:55:07","modified_gmt":"2024-08-27T13:55:07","slug":"gil-roman","status":"publish","type":"page","link":"https:\/\/www.bejart.ch\/en\/collaboration\/choreographers\/gil-roman\/","title":{"rendered":"Gil Roman"},"content":{"rendered":"<p>After intensive training with Marika Besobrasova, Rosella Hightower and Jos\u00e9 Ferran, Gil Roman joined <a href=\"https:\/\/www.bejart.ch\/en\/company\/maurice-bejart\/\">Maurice B\u00e9jart<\/a> at Le Ballet du XXe Si\u00e8cle in 1979. After performing the choreographer&#8217;s most renowned ballets for over thirty years, Gil Roman assumed the artistic direction of the B\u00e9jart Ballet Lausanne following B\u00e9jart&#8217;s passing, from 2007 until February 2024.<\/p>\n<p>&nbsp;<\/p>\n<p><!--more--><\/p>\n<p>Since 1995, his choreographic work is rich in numerous creations:<em><a href=\"https:\/\/www.bejart.ch\/en\/ballet\/lhabit-ne-fait-pas-le-moine\/\"> L&#8217;habit ne fait pas le moine<\/a>, <a href=\"https:\/\/www.bejart.ch\/en\/ballet\/reflexion-sur-bela\/\">R\u00e9flexion sur B\u00e9la<\/a><\/em>, <a href=\"https:\/\/www.bejart.ch\/en\/ballet\/echographie-dune-baleine\/\"><em>Echographie d&#8217;une baleine<\/em><\/a>, <a href=\"https:\/\/www.bejart.ch\/en\/ballet\/casino-des-esprits\/\"><em>Casino des Esprits<\/em><\/a>, <a href=\"https:\/\/www.bejart.ch\/en\/ballet\/aria\/\"><em>Aria<\/em><\/a>, <a href=\"https:\/\/www.bejart.ch\/en\/ballet\/syncope\/\"><em>Syncope<\/em><\/a>, <a href=\"https:\/\/www.bejart.ch\/en\/ballet\/la-ou-sont-les-oiseaux\/\"><em>L\u00e0 o\u00f9 sont les oiseaux<\/em><\/a>, presented as a world premiere at the China Shanghai International Arts Festival, and <a href=\"https:\/\/www.bejart.ch\/en\/ballet\/anima-blues\/\"><em>Anima blues<\/em><\/a>. Since this creation in 2013, new pieces added up to the BBL\u2019s repertoire: <a href=\"https:\/\/www.bejart.ch\/en\/ballet\/3-danses-pour-tony\/\"><em>3 Danses pour Tony<\/em><\/a>, <a href=\"https:\/\/www.bejart.ch\/en\/ballet\/kyodai\/\"><em>Ky\u00f4da\u00ef<\/em><\/a>, <a href=\"https:\/\/www.bejart.ch\/en\/ballet\/tombees-de-la-derniere-pluie\/\"><em>Tomb\u00e9es de la derni\u00e8re pluie<\/em><\/a>, <a href=\"https:\/\/www.bejart.ch\/en\/ballet\/impromptu\/\"><em>Impromptu&#8230;<\/em><\/a> and <a href=\"https:\/\/www.bejart.ch\/en\/ballet\/t-m-et-variations\/\"><em>t \u2018M et variations\u2026<\/em><\/a>, ballet that marked the 30th anniversary of the BBL\u2019s creation and the 10th year of Maurice B\u00e9jart\u2019s demise. In 2019 at the Opera of Lausanne, he presented his last creation <em><a href=\"https:\/\/www.bejart.ch\/en\/ballet\/tous-les-hommes\/\">Tous les hommes presque toujours s\u2019imaginent<\/a> &#8211;<\/em> entirely choreographed to the music of John Zorn, and one year later <em><a href=\"https:\/\/www.bejart.ch\/en\/ballet\/basso-continuum\/\">Basso Continuum<\/a>,<\/em> to the music of Richard Dubugnon. In 2022, he created <a href=\"https:\/\/www.bejart.ch\/en\/ballet\/alors-on-danse\/\"><em>Alors on danse\u2026 !<\/em><\/a> at the Opera de Lausanne. The following year, he choreographed <a href=\"https:\/\/www.bejart.ch\/en\/ballet\/nivagation\/\"><em>Nivagation<\/em><\/a>, a creation by Marc Hollogne for the BBL.<\/p>\n<p>&nbsp;<\/p>\n<p>Gil Roman\u2019s dance career, which span over 40 years, was honored in 2005 with the prestigious <em>Danza &amp; Danza<\/em> Award for Best Dancer for his performance as Jacques Brel in <a href=\"https:\/\/www.bejart.ch\/en\/ballet\/brel-et-barbara\/\"><em>Brel et Barbara<\/em><\/a>. Since then, many awards have distinguished an exceptional career: the prestigious Nijinsky Award awarded by the Monaco Dance Forum (2006), the Prix for cultural awareness, by Vaud State Foundation for Culture (2014), the special Prize from Shanghai Art Festival (2014) and the Maya Plissetskaya Award (2015). In 2015, the French Embassy in Switzerland awarded him the insignia of Knight in the National Order of Merit. Four years later, the Council of State of the canton of Vaud presented him with the Cantonal Merit.<\/p>\n<p>&nbsp;<\/p>\n","protected":false},"excerpt":{"rendered":"<p>After intensive training with Marika Besobrasova, Rosella Hightower and Jos\u00e9 Ferran, Gil Roman joined Maurice B\u00e9jart at Le Ballet du XXe Si\u00e8cle in 1979. After performing the choreographer&#8217;s most renowned ballets for over thirty years, Gil Roman assumed the artistic direction of the B\u00e9jart Ballet Lausanne following B\u00e9jart&#8217;s passing, from 2007 until February 2024. &nbsp;<\/p>\n","protected":false},"author":14,"featured_media":0,"parent":940,"menu_order":90,"comment_status":"closed","ping_status":"closed","template":"page-image.php","meta":{"_acf_changed":false,"_monsterinsights_skip_tracking":false,"_monsterinsights_sitenote_active":false,"_monsterinsights_sitenote_note":"","_monsterinsights_sitenote_category":0,"footnotes":""},"class_list":["post-41265","page","type-page","status-publish","hentry"],"acf":[],"_links":{"self":[{"href":"https:\/\/www.bejart.ch\/en\/wp-json\/wp\/v2\/pages\/41265","targetHints":{"allow":["GET"]}}],"collection":[{"href":"https:\/\/www.bejart.ch\/en\/wp-json\/wp\/v2\/pages"}],"about":[{"href":"https:\/\/www.bejart.ch\/en\/wp-json\/wp\/v2\/types\/page"}],"author":[{"embeddable":true,"href":"https:\/\/www.bejart.ch\/en\/wp-json\/wp\/v2\/users\/14"}],"replies":[{"embeddable":true,"href":"https:\/\/www.bejart.ch\/en\/wp-json\/wp\/v2\/comments?post=41265"}],"version-history":[{"count":0,"href":"https:\/\/www.bejart.ch\/en\/wp-json\/wp\/v2\/pages\/41265\/revisions"}],"up":[{"embeddable":true,"href":"https:\/\/www.bejart.ch\/en\/wp-json\/wp\/v2\/pages\/940"}],"wp:attachment":[{"href":"https:\/\/www.bejart.ch\/en\/wp-json\/wp\/v2\/media?parent=41265"}],"curies":[{"name":"wp","href":"https:\/\/api.w.org\/{rel}","templated":true}]}}