{"id":9854,"date":"2016-09-14T08:47:01","date_gmt":"2016-09-14T06:47:01","guid":{"rendered":"https:\/\/www.bejart.ch\/partners\/nos-partenaires\/"},"modified":"2026-04-07T13:51:35","modified_gmt":"2026-04-07T11:51:35","slug":"our-partners","status":"publish","type":"page","link":"https:\/\/www.bejart.ch\/en\/partners\/our-partners\/","title":{"rendered":"Our partners"},"content":{"rendered":"<p>The B\u00e9jart Ballet Lausanne would like to graciously thank its partners, sponsors and contributors, who provide the necessary financial support for its development, but also for their encouragement and undeniable support for the work behind the Company\u2019s artistic creation.<\/p>\n<h3 style=\"padding-top: 30px;\">Public support<\/h3>\n<div class=\"row\">\n<div class=\"col-sm-6 align_top\">\n<p><a class=\"venobox bbl-image\" href=\"https:\/\/www.lausanne.ch\/\" target=\"_blank\" rel=\"noopener\"><img decoding=\"async\" class=\"img-responsive img-content alignnone wp-image-36478 size-medium\" src=\"https:\/\/www.bejart.ch\/wp-content\/uploads\/\/ville-lausanne-ergopix-400x150.png\" class=\"fresco\" data-fresco-caption=\"\" data-fresco-options=\"thumbnails:false\"  alt=\"\" width=\"400\" height=\"150\" srcset=\"https:\/\/www.bejart.ch\/wp-content\/uploads\/ville-lausanne-ergopix-400x150.png 400w, https:\/\/www.bejart.ch\/wp-content\/uploads\/ville-lausanne-ergopix-768x288.png 768w, https:\/\/www.bejart.ch\/wp-content\/uploads\/ville-lausanne-ergopix.png 800w\" sizes=\"(max-width: 400px) 100vw, 400px\" \/><\/a><\/p>\n<\/div>\n<div class=\"col-sm-18\">\nIntroduced a little over a half a century ago in Lausanne, choreography has found a home to establish itself in under all its forms. A pioneer in cultural politics with a strong conviction for supporting dance, the city of Lausanne ceased the opportunity, since the 80s, to promote and defend this development. The strong ties developed throughout the years between the city and its institutions have allowed for the formation of crucial and fundamental structures for choreography, the insurance of the continuing presence of its intermediaries, and for the emergence and settlement of the best creators, schools, companies and festivals. All of these developments contribute to the city\u2019s identity of being an international capital city for choreography, reinforced with the nearly 30 year presence of the B\u00e9jart Ballet Lausanne.<br \/>\n<\/div>\n<\/div>\n<div class=\"row\">\n<div class=\"col-sm-6 align_top\">\n<a class=\"venobox bbl-image\" href=\"http:\/\/www.lausanne.ch\/thematiques\/culture-et-patrimoine\/service-de-la-culture\/presentation.html\" target=\"_blank\" rel=\"noopener noreferrer\"><img decoding=\"async\" class=\"img-responsive img-content alignnone wp-image-36447 size-medium\" src=\"https:\/\/www.bejart.ch\/wp-content\/uploads\/\/fonds-intercommunal-400x304.png\" class=\"fresco\" data-fresco-caption=\"\" data-fresco-options=\"thumbnails:false\"  alt=\"\" width=\"400\" height=\"304\" \/><\/a><br \/>\n<\/div>\n<div class=\"col-sm-18\">\nFounded in 1988, the Fonds intercommunal de soutien aux Institutions culturelles of the Lausanne region is composed today of 20 district members. They provide an annual fund that a management committee is responsible for and then distributes to its four supported institutions: B\u00e9jart Ballet Lausanne, l\u2019Op\u00e9ra de Lausanne, le Th\u00e9\u00e2tre de Vidy and the Orchestre de Chambre de Lausanne.<br \/>\n<\/div>\n<\/div>\n<h3 style=\"padding-top: 30px;\">Benefactors and supporting foundations<\/h3>\n<div class=\"row\">\n<div class=\"col-sm-6\">\n<a class=\"venobox bbl-image\" href=\"https:\/\/www.loro.ch\/fr\/utilite-publique\" target=\"_blank\" rel=\"noopener noreferrer\"><img decoding=\"async\" class=\"img-responsive img-content alignnone wp-image-36444 size-medium\" src=\"https:\/\/www.bejart.ch\/wp-content\/uploads\/\/loterie-romande-400x304.png\" class=\"fresco\" data-fresco-caption=\"\" data-fresco-options=\"thumbnails:false\"  alt=\"\" width=\"400\" height=\"304\" srcset=\"https:\/\/www.bejart.ch\/wp-content\/uploads\/loterie-romande-400x304.png 400w, https:\/\/www.bejart.ch\/wp-content\/uploads\/loterie-romande-768x583.png 768w, https:\/\/www.bejart.ch\/wp-content\/uploads\/loterie-romande.png 800w\" sizes=\"(max-width: 400px) 100vw, 400px\" \/><\/a><br \/>\n<\/div>\n<div class=\"col-sm-6\">\n<a class=\"venobox bbl-image\" href=\"https:\/\/maurice-bejart.ch\/\" target=\"_blank\" rel=\"noopener noreferrer\"><img decoding=\"async\" class=\"img-responsive img-content alignnone wp-image-38345 size-medium\" src=\"https:\/\/www.bejart.ch\/wp-content\/uploads\/\/fondation-maurice-bejart-400x304.png\" class=\"fresco\" data-fresco-caption=\"\" data-fresco-options=\"thumbnails:false\"  alt=\"\" width=\"400\" height=\"304\" srcset=\"https:\/\/www.bejart.ch\/wp-content\/uploads\/\/fondation-maurice-bejart-400x304.png 400w, https:\/\/www.bejart.ch\/wp-content\/uploads\/\/fondation-maurice-bejart-768x583.png 768w, https:\/\/www.bejart.ch\/wp-content\/uploads\/\/fondation-maurice-bejart.png 800w\" sizes=\"(max-width: 400px) 100vw, 400px\" \/><\/a><br \/>\n<\/div>\n<div class=\"col-sm-6\">\n<a class=\"venobox bbl-image\" href=\"https:\/\/www.bejart.ch\/en\/partners\/cercle-des-amis\/\" target=\"_blank\" rel=\"noopener noreferrer\"><img decoding=\"async\" class=\"img-responsive img-content alignnone wp-image-36439 size-medium\" src=\"https:\/\/www.bejart.ch\/wp-content\/uploads\/\/cercle-amis-400x304.png\" class=\"fresco\" data-fresco-caption=\"\" data-fresco-options=\"thumbnails:false\"  alt=\"\" width=\"400\" height=\"304\" srcset=\"https:\/\/www.bejart.ch\/wp-content\/uploads\/cercle-amis-400x304.png 400w, https:\/\/www.bejart.ch\/wp-content\/uploads\/cercle-amis-768x583.png 768w, https:\/\/www.bejart.ch\/wp-content\/uploads\/cercle-amis.png 800w\" sizes=\"(max-width: 400px) 100vw, 400px\" \/><\/a><br \/>\n<\/div>\n<p>&nbsp;<\/p>\n<div class=\"col-sm-6\">\n<p><a class=\"venobox bbl-image\" href=\"https:\/\/www.bejart.ch\/wp-content\/uploads\/fondation-champoud-logo-n-b-scaled.png\" class=\"fresco\" data-fresco-caption=\"\" data-fresco-options=\"thumbnails:false\"  data-title=\"\"><img decoding=\"async\" class=\"wp-image-42903 size-medium img-responsive img-content\" src=\"https:\/\/www.bejart.ch\/wp-content\/uploads\/\/fondation-champoud-logo-n-b-400x159.png\" alt=\"\" width=\"400\" height=\"159\" data-title=\"\" srcset=\"https:\/\/www.bejart.ch\/wp-content\/uploads\/fondation-champoud-logo-n-b-400x159.png 400w, https:\/\/www.bejart.ch\/wp-content\/uploads\/fondation-champoud-logo-n-b-800x317.png 800w, https:\/\/www.bejart.ch\/wp-content\/uploads\/fondation-champoud-logo-n-b-1536x609.png 1536w, https:\/\/www.bejart.ch\/wp-content\/uploads\/fondation-champoud-logo-n-b-2048x812.png 2048w, https:\/\/www.bejart.ch\/wp-content\/uploads\/fondation-champoud-logo-n-b-1200x476.png 1200w, https:\/\/www.bejart.ch\/wp-content\/uploads\/fondation-champoud-logo-n-b-768x304.png 768w\" sizes=\"(max-width: 400px) 100vw, 400px\" \/><\/a><\/p>\n<\/div>\n<div class=\"row\"><\/div>\n<div class=\"col-sm-6\">\n<p><a class=\"venobox bbl-image\" href=\"https:\/\/www.bejart.ch\/wp-content\/uploads\/\/logo-noir-et-blanc-400x233.png\" class=\"fresco\" data-fresco-caption=\"\" data-fresco-options=\"thumbnails:false\"  data-title=\"\"><img decoding=\"async\" class=\"wp-image-42954 size-medium img-responsive img-content\" src=\"https:\/\/www.bejart.ch\/wp-content\/uploads\/\/logo-noir-et-blanc-400x233.png\" alt=\"\" width=\"400\" height=\"233\" data-title=\"\" \/><\/a><\/p>\n<\/div>\n<\/div>\n<p>&nbsp;<\/p>\n<h3>Youth partner<\/h3>\n<div class=\"row\">\n<div class=\"col-sm-6 align_top\">\n<p><a class=\"venobox bbl-image\" href=\"https:\/\/www.nestle.ch\/fr\" data-title=\"\"><img decoding=\"async\" class=\"wp-image-42200 size-medium img-responsive img-content\" src=\"https:\/\/www.bejart.ch\/wp-content\/uploads\/\/nestle-community-400x304.png\" class=\"fresco\" data-fresco-caption=\"\" data-fresco-options=\"thumbnails:false\"  alt=\"\" width=\"400\" height=\"304\" data-title=\"\" srcset=\"https:\/\/www.bejart.ch\/wp-content\/uploads\/nestle-community-400x304.png 400w, https:\/\/www.bejart.ch\/wp-content\/uploads\/nestle-community-768x583.png 768w, https:\/\/www.bejart.ch\/wp-content\/uploads\/nestle-community.png 800w\" sizes=\"(max-width: 400px) 100vw, 400px\" \/><\/a><\/p>\n<\/div>\n<div class=\"col-sm-18\">\n<p>Nestl\u00e9 places communities at the heart of its engagement strategy. Through its Nestl\u00e9 Cares for Communities programme, Nestl\u00e9 is committed to building lasting partnerships with local stakeholders. This initiative aims to support local organisations by encouraging projects, particularly in the cultural and sporting fields, that actively contribute to the vitality and cohesion of local life. In this context, the youth partnership with the B\u00e9jart Ballet Lausanne seeks to open up the world of ballet to a young, local audience that may still be unfamiliar with the art form, through outreach activities such as workshops, as well as a signature event entitled &#8220;Le Ballet dans la ville&#8221; (Ballet in the City). This outdoor performance invites young people, who benefit from privileged access, along with the general public, for a unique discovery of the art of ballet and the company.<\/p>\n<\/div>\n<\/div>\n<p>&nbsp;<\/p>\n<div class=\"row\">\n<div class=\"col-sm-6 align_top\">\n<p>&nbsp;<\/p>\n<\/div>\n<\/div>\n<h3>Promotional partners<\/h3>\n<div class=\"row\">\n<div class=\"col-sm-6 align_top\">\n<p><a class=\"venobox bbl-image\" href=\"https:\/\/www.bejart.ch\/wp-content\/uploads\/logo-letemps-noir-1.png\" class=\"fresco\" data-fresco-caption=\"\" data-fresco-options=\"thumbnails:false\"  data-title=\"\"><img decoding=\"async\" class=\"wp-image-44269 img-responsive img-content\" src=\"https:\/\/www.bejart.ch\/wp-content\/uploads\/logo-letemps-noir-1-800x533.png\" alt=\"\" width=\"372\" height=\"248\" data-title=\"\" srcset=\"https:\/\/www.bejart.ch\/wp-content\/uploads\/logo-letemps-noir-1-800x533.png 800w, https:\/\/www.bejart.ch\/wp-content\/uploads\/logo-letemps-noir-1-400x267.png 400w, https:\/\/www.bejart.ch\/wp-content\/uploads\/logo-letemps-noir-1-990x660.png 990w, https:\/\/www.bejart.ch\/wp-content\/uploads\/logo-letemps-noir-1-768x512.png 768w, https:\/\/www.bejart.ch\/wp-content\/uploads\/logo-letemps-noir-1-767x510.png 767w, https:\/\/www.bejart.ch\/wp-content\/uploads\/logo-letemps-noir-1.png 1107w\" sizes=\"(max-width: 372px) 100vw, 372px\" \/><\/a><\/p>\n<\/div>\n<div class=\"col-sm-18\">\n<p>Le Temps is committed to engaging with the world and amplifying the major debates shaping society by giving a voice to a wide range of contributors. Guided by rigor, high standards, and boldness, Le Temps delivers high-quality, balanced, and in-depth reporting. As the only French-language daily newspaper with nationwide reach in Switzerland, Le Temps explores a wide array of topics, including the economy, culture, politics, and new technologies. In-depth investigations, immersive features, continuous news coverage\u2026 From the newspaper itself to events, as well as modular articles, videos, and podcasts, Le Temps gives meaning to information and shares it in all its forms to meet every audience need.<\/p>\n<\/div>\n<\/div>\n<div class=\"row\">\n<div class=\"col-sm-6 align_top\">\n<p>&nbsp;<\/p>\n<div class=\"row\"><\/div>\n<div class=\"col-sm-6 align_top\"><\/div>\n<p><a class=\"venobox bbl-image\" href=\"http:\/\/www.agefi.com\" target=\"_blank\" rel=\"noopener noreferrer\"><img decoding=\"async\" class=\"img-responsive img-content alignnone wp-image-36464 size-medium\" src=\"https:\/\/www.bejart.ch\/wp-content\/uploads\/\/agefin-ergopix-400x150.png\" class=\"fresco\" data-fresco-caption=\"\" data-fresco-options=\"thumbnails:false\"  alt=\"\" width=\"400\" height=\"150\" srcset=\"https:\/\/www.bejart.ch\/wp-content\/uploads\/agefin-ergopix-400x150.png 400w, https:\/\/www.bejart.ch\/wp-content\/uploads\/agefin-ergopix-768x288.png 768w, https:\/\/www.bejart.ch\/wp-content\/uploads\/agefin-ergopix.png 800w\" sizes=\"(max-width: 400px) 100vw, 400px\" \/><\/a><\/p>\n<\/div>\n<div class=\"col-sm-18\">\n<p>Agefi is the only daily Swiss paper entirely devoted to the economy and finances. An opinionated journal by excellence, independent and liberal since its creation, Agefi decodes and analyses every day decisive factors concerning the economy and finances. A part from from the Agefi daily paper, AEF SA publishes numerous works and magazines, such as the AGEFI Indices, Commodities, Agefi Immo and Agefi Life. The Agefi editorial continuously follows economic news on <a href=\"http:\/\/www.agefi.com\" target=\"_blank\" rel=\"noopener noreferrer\">www.agefi.com<\/a>.<br \/>\n<\/div>\n<\/div>\n<div class=\"row\">\n<div class=\"col-sm-6 align_top\">\n<a class=\"venobox bbl-image\" href=\"https:\/\/carac.tv\/?utm_source=LFMTVweb&amp;utm_medium=Banner&amp;utm_id=RedirectionLFMTV\" target=\"_blank\" rel=\"noopener\" data-title=\"\"><img decoding=\"async\" class=\"img-responsive img-content alignnone wp-image-38305 size-medium\" src=\"https:\/\/www.bejart.ch\/wp-content\/uploads\/\/carac-400x304.png\" class=\"fresco\" data-fresco-caption=\"\" data-fresco-options=\"thumbnails:false\"  alt=\"\" width=\"400\" height=\"304\" data-title=\"\" srcset=\"https:\/\/www.bejart.ch\/wp-content\/uploads\/carac-400x304.png 400w, https:\/\/www.bejart.ch\/wp-content\/uploads\/carac-768x583.png 768w, https:\/\/www.bejart.ch\/wp-content\/uploads\/carac.png 800w\" sizes=\"(max-width: 400px) 100vw, 400px\" \/><\/a><br \/>\n<\/div>\n<div class=\"col-sm-18\">\n<p>CARAC, channels with character. Find the best in entertainment, live broadcasts and replays on <a title=\"http:\/\/carac.tv\/\" contenteditable=\"false\" href=\"http:\/\/CARAC.TV\">CARAC.TV<\/a>. Replay your favorite shows, reports, movies, everything that&#8217;s happening in French-speaking Switzerland is on <a title=\"http:\/\/carac.tv\/\" contenteditable=\"false\" href=\"http:\/\/CARAC.TV\">CARAC.TV<\/a>.<br \/>\nCARAC, the largest french speaking Swiss private TV channels.<\/p>\n<\/div>\n<\/div>\n<div class=\"row\">\n<div class=\"col-sm-6 align_top\">\n<p><a class=\"venobox bbl-image\" href=\"https:\/\/www.lfm.ch\/\" data-title=\"\"><img decoding=\"async\" class=\"img-responsive img-content wp-image-36414 size-medium\" src=\"https:\/\/www.bejart.ch\/wp-content\/uploads\/\/lfm-radio-400x304.png\" class=\"fresco\" data-fresco-caption=\"\" data-fresco-options=\"thumbnails:false\"  alt=\"\" width=\"400\" height=\"304\" data-title=\"\" \/><\/a><\/p>\n<\/div>\n<div class=\"col-sm-18\">\n<p>LFM is the number one private radio station in French-speaking Switzerland. It informs and entertains its listeners throughout the day, covering local topics. The station airs music, local and international news, as well as comedy with Yann Lambiel every morning.<\/p>\n<\/div>\n<\/div>\n<h3 style=\"padding-top: 30px;\">Promotional partners<\/h3>\n<div class=\"row\"><\/div>\n<div class=\"col-sm-6 align_top\">\n<p><a class=\"venobox bbl-image\" href=\"https:\/\/www.enmouvement.ch\" data-title=\"\"><img decoding=\"async\" class=\"wp-image-42263 size-full img-responsive img-content\" src=\"https:\/\/www.bejart.ch\/wp-content\/uploads\/design-sans-titre-7.jpg\" class=\"fresco\" data-fresco-caption=\"\" data-fresco-options=\"thumbnails:false\"  alt=\"\" width=\"400\" height=\"304\" data-title=\"\" \/><\/a><\/p>\n<\/div>\n<div class=\"col-sm-6\">\n<a class=\"venobox bbl-image\" href=\"https:\/\/www.holmesplace.ch\/fr\/clubs\/lausanne\" target=\"_blank\" rel=\"noopener noreferrer\"><img decoding=\"async\" class=\"img-responsive img-content alignnone wp-image-36435 size-medium\" src=\"https:\/\/www.bejart.ch\/wp-content\/uploads\/\/holmes-place-1-400x304.png\" class=\"fresco\" data-fresco-caption=\"\" data-fresco-options=\"thumbnails:false\"  alt=\"\" width=\"400\" height=\"304\" srcset=\"https:\/\/www.bejart.ch\/wp-content\/uploads\/holmes-place-1-400x304.png 400w, https:\/\/www.bejart.ch\/wp-content\/uploads\/holmes-place-1-768x583.png 768w, https:\/\/www.bejart.ch\/wp-content\/uploads\/holmes-place-1.png 800w\" sizes=\"(max-width: 400px) 100vw, 400px\" \/><\/a><\/p>\n<\/div>\n<div class=\"col-sm-6\">\n<a class=\"venobox bbl-image\" href=\"https:\/\/www.payot.ch\/\" target=\"_blank\" rel=\"noopener\" data-title=\"\"><img decoding=\"async\" class=\"img-responsive img-content alignnone wp-image-36429 size-medium\" src=\"https:\/\/www.bejart.ch\/wp-content\/uploads\/\/payot-1-400x304.png\" class=\"fresco\" data-fresco-caption=\"\" data-fresco-options=\"thumbnails:false\"  alt=\"\" width=\"400\" height=\"304\" data-title=\"\" srcset=\"https:\/\/www.bejart.ch\/wp-content\/uploads\/payot-1-400x304.png 400w, https:\/\/www.bejart.ch\/wp-content\/uploads\/payot-1-768x583.png 768w, https:\/\/www.bejart.ch\/wp-content\/uploads\/payot-1.png 800w\" sizes=\"(max-width: 400px) 100vw, 400px\" \/><\/a><br \/>\n<\/div>\n<div class=\"col-sm-6\">\n<a class=\"venobox bbl-image\" href=\"https:\/\/plasmacom.ch\/\" target=\"_blank\" rel=\"noopener\" data-title=\"\"><img decoding=\"async\" class=\"img-responsive img-content alignnone wp-image-36724 size-medium\" src=\"https:\/\/www.bejart.ch\/wp-content\/uploads\/\/plasma-communication-new-400x304.png\" class=\"fresco\" data-fresco-caption=\"\" data-fresco-options=\"thumbnails:false\"  alt=\"\" width=\"400\" height=\"304\" data-title=\"\" srcset=\"https:\/\/www.bejart.ch\/wp-content\/uploads\/plasma-communication-new-400x304.png 400w, https:\/\/www.bejart.ch\/wp-content\/uploads\/plasma-communication-new-768x583.png 768w, https:\/\/www.bejart.ch\/wp-content\/uploads\/plasma-communication-new.png 800w\" sizes=\"(max-width: 400px) 100vw, 400px\" \/><\/a><br \/>\n<\/div>\n<div class=\"col-sm-6\">\n<a class=\"venobox bbl-image\" href=\"https:\/\/royalsavoylausanne.com\/\" target=\"_blank\" rel=\"noopener\"><img decoding=\"async\" class=\"img-responsive img-content alignnone wp-image-36427 size-medium\" src=\"https:\/\/www.bejart.ch\/wp-content\/uploads\/\/royal-savoy-400x304.png\" class=\"fresco\" data-fresco-caption=\"\" data-fresco-options=\"thumbnails:false\"  alt=\"\" width=\"400\" height=\"304\" srcset=\"https:\/\/www.bejart.ch\/wp-content\/uploads\/royal-savoy-400x304.png 400w, https:\/\/www.bejart.ch\/wp-content\/uploads\/royal-savoy-768x583.png 768w, https:\/\/www.bejart.ch\/wp-content\/uploads\/royal-savoy.png 800w\" sizes=\"(max-width: 400px) 100vw, 400px\" \/><\/a><br \/>\n<\/div>\n<div class=\"col-sm-6\">\n<p><a class=\"venobox bbl-image\" href=\"https:\/\/www.wcreation.ch\/\" target=\"_blank\" rel=\"noopener noreferrer\"><img decoding=\"async\" class=\"img-responsive img-content alignnone wp-image-39156 size-medium\" src=\"https:\/\/www.bejart.ch\/wp-content\/uploads\/\/w-creation-400x304.png\" class=\"fresco\" data-fresco-caption=\"\" data-fresco-options=\"thumbnails:false\"  alt=\"\" width=\"400\" height=\"304\" srcset=\"https:\/\/www.bejart.ch\/wp-content\/uploads\/\/w-creation-400x304.png 400w, https:\/\/www.bejart.ch\/wp-content\/uploads\/\/w-creation-768x583.png 768w, https:\/\/www.bejart.ch\/wp-content\/uploads\/\/w-creation.png 800w\" sizes=\"(max-width: 400px) 100vw, 400px\" \/><\/a><\/p>\n<\/div>\n<p>&nbsp;<\/p>\n<div class=\"col-sm-6\">\n<p><a class=\"venobox bbl-image\" href=\"https:\/\/www.bejart.ch\/wp-content\/uploads\/\/ticketcorner-sc-pos-400x137.png\" class=\"fresco\" data-fresco-caption=\"\" data-fresco-options=\"thumbnails:false\"  data-title=\"\"><img decoding=\"async\" class=\"wp-image-42905 size-medium img-responsive img-content\" src=\"https:\/\/www.bejart.ch\/wp-content\/uploads\/\/ticketcorner-sc-pos-400x137.png\" alt=\"\" width=\"400\" height=\"137\" data-title=\"\" \/><\/a><\/p>\n<\/div>\n<p>&nbsp;<\/p>\n<div class=\"col-sm-6\">\n<p><a class=\"venobox bbl-image\" href=\"https:\/\/www.bejart.ch\/wp-content\/uploads\/logo-125-jahre-apg-sga-mit-claim-schwarz-125-years-schwarz-rgb-1.png\" class=\"fresco\" data-fresco-caption=\"\" data-fresco-options=\"thumbnails:false\"  data-title=\"\"><img decoding=\"async\" class=\"wp-image-43463 size-medium img-responsive img-content\" src=\"https:\/\/www.bejart.ch\/wp-content\/uploads\/logo-125-jahre-apg-sga-mit-claim-schwarz-125-years-schwarz-rgb-1-400x132.png\" alt=\"\" width=\"400\" height=\"132\" data-title=\"\" srcset=\"https:\/\/www.bejart.ch\/wp-content\/uploads\/logo-125-jahre-apg-sga-mit-claim-schwarz-125-years-schwarz-rgb-1-400x132.png 400w, https:\/\/www.bejart.ch\/wp-content\/uploads\/logo-125-jahre-apg-sga-mit-claim-schwarz-125-years-schwarz-rgb-1-800x263.png 800w, https:\/\/www.bejart.ch\/wp-content\/uploads\/logo-125-jahre-apg-sga-mit-claim-schwarz-125-years-schwarz-rgb-1-1536x505.png 1536w, https:\/\/www.bejart.ch\/wp-content\/uploads\/logo-125-jahre-apg-sga-mit-claim-schwarz-125-years-schwarz-rgb-1-2048x673.png 2048w, https:\/\/www.bejart.ch\/wp-content\/uploads\/logo-125-jahre-apg-sga-mit-claim-schwarz-125-years-schwarz-rgb-1-1200x395.png 1200w, https:\/\/www.bejart.ch\/wp-content\/uploads\/logo-125-jahre-apg-sga-mit-claim-schwarz-125-years-schwarz-rgb-1-768x253.png 768w\" sizes=\"(max-width: 400px) 100vw, 400px\" \/><\/a><\/p>\n<\/div>\n<p>&nbsp;<\/p>\n<div class=\"col-sm-6\">\n<p><a class=\"venobox bbl-image\" href=\"https:\/\/www.bejart.ch\/wp-content\/uploads\/\/dhc-logo-2025-noir-400x160.png\" class=\"fresco\" data-fresco-caption=\"\" data-fresco-options=\"thumbnails:false\"  data-title=\"\"><img decoding=\"async\" class=\"wp-image-43668 size-medium img-responsive img-content\" src=\"https:\/\/www.bejart.ch\/wp-content\/uploads\/\/dhc-logo-2025-noir-400x160.png\" alt=\"\" width=\"400\" height=\"160\" data-title=\"\" srcset=\"https:\/\/www.bejart.ch\/wp-content\/uploads\/dhc-logo-2025-noir-400x160.png 400w, https:\/\/www.bejart.ch\/wp-content\/uploads\/dhc-logo-2025-noir-800x320.png 800w, https:\/\/www.bejart.ch\/wp-content\/uploads\/dhc-logo-2025-noir-1536x614.png 1536w, https:\/\/www.bejart.ch\/wp-content\/uploads\/dhc-logo-2025-noir-1200x480.png 1200w, https:\/\/www.bejart.ch\/wp-content\/uploads\/dhc-logo-2025-noir-768x307.png 768w, https:\/\/www.bejart.ch\/wp-content\/uploads\/dhc-logo-2025-noir.png 2000w\" sizes=\"(max-width: 400px) 100vw, 400px\" \/><\/a><\/p>\n<\/div>\n<p>&nbsp;<\/p>\n<div class=\"col-sm-6\">\n<p><a class=\"venobox bbl-image\" href=\"https:\/\/www.bejart.ch\/wp-content\/uploads\/logos-prix-3-1.png\" class=\"fresco\" data-fresco-caption=\"\" data-fresco-options=\"thumbnails:false\"  data-title=\"\"><img decoding=\"async\" class=\"wp-image-44319 size-large img-responsive img-content\" src=\"https:\/\/www.bejart.ch\/wp-content\/uploads\/logos-prix-3-1-800x533.png\" alt=\"\" width=\"800\" height=\"533\" data-title=\"\" srcset=\"https:\/\/www.bejart.ch\/wp-content\/uploads\/logos-prix-3-1-800x533.png 800w, https:\/\/www.bejart.ch\/wp-content\/uploads\/logos-prix-3-1-400x267.png 400w, https:\/\/www.bejart.ch\/wp-content\/uploads\/logos-prix-3-1-990x660.png 990w, https:\/\/www.bejart.ch\/wp-content\/uploads\/logos-prix-3-1-768x512.png 768w, https:\/\/www.bejart.ch\/wp-content\/uploads\/logos-prix-3-1-767x510.png 767w, https:\/\/www.bejart.ch\/wp-content\/uploads\/logos-prix-3-1.png 1107w\" sizes=\"(max-width: 800px) 100vw, 800px\" \/><\/a><\/p>\n<p>&nbsp;<\/p>\n<\/div>\n","protected":false},"excerpt":{"rendered":"<p>The B\u00e9jart Ballet Lausanne would like to graciously thank its partners, sponsors and contributors, who provide the necessary financial support for its development, but also for their encouragement and undeniable support for the work behind the Company\u2019s artistic creation. Public support Benefactors and supporting foundations &nbsp; Youth partner &nbsp; Promotional partners Promotional partners &nbsp; &nbsp; [&hellip;]<\/p>\n","protected":false},"author":1,"featured_media":0,"parent":942,"menu_order":107,"comment_status":"closed","ping_status":"closed","template":"page-partenaires.php","meta":{"_acf_changed":false,"_monsterinsights_skip_tracking":false,"_monsterinsights_sitenote_active":false,"_monsterinsights_sitenote_note":"","_monsterinsights_sitenote_category":0,"footnotes":""},"class_list":["post-9854","page","type-page","status-publish","hentry"],"acf":[],"_links":{"self":[{"href":"https:\/\/www.bejart.ch\/en\/wp-json\/wp\/v2\/pages\/9854","targetHints":{"allow":["GET"]}}],"collection":[{"href":"https:\/\/www.bejart.ch\/en\/wp-json\/wp\/v2\/pages"}],"about":[{"href":"https:\/\/www.bejart.ch\/en\/wp-json\/wp\/v2\/types\/page"}],"author":[{"embeddable":true,"href":"https:\/\/www.bejart.ch\/en\/wp-json\/wp\/v2\/users\/1"}],"replies":[{"embeddable":true,"href":"https:\/\/www.bejart.ch\/en\/wp-json\/wp\/v2\/comments?post=9854"}],"version-history":[{"count":3,"href":"https:\/\/www.bejart.ch\/en\/wp-json\/wp\/v2\/pages\/9854\/revisions"}],"predecessor-version":[{"id":44524,"href":"https:\/\/www.bejart.ch\/en\/wp-json\/wp\/v2\/pages\/9854\/revisions\/44524"}],"up":[{"embeddable":true,"href":"https:\/\/www.bejart.ch\/en\/wp-json\/wp\/v2\/pages\/942"}],"wp:attachment":[{"href":"https:\/\/www.bejart.ch\/en\/wp-json\/wp\/v2\/media?parent=9854"}],"curies":[{"name":"wp","href":"https:\/\/api.w.org\/{rel}","templated":true}]}}