{"id":9856,"date":"2016-11-08T15:16:22","date_gmt":"2016-11-08T14:16:22","guid":{"rendered":"https:\/\/www.bejart.ch\/fondation-maurice-bejart\/"},"modified":"2024-11-06T15:00:49","modified_gmt":"2024-11-06T14:00:49","slug":"maurice-bejart-foundation","status":"publish","type":"page","link":"https:\/\/www.bejart.ch\/en\/maurice-bejart-foundation\/","title":{"rendered":"Maurice B\u00e9jart Foundation"},"content":{"rendered":"<p><strong>Led by Mrs. Ren\u00e9e Auphan-Fitting, the Maurice B\u00e9jart Foundation supports the <a href=\"https:\/\/www.bejart.ch\/en\/company\/presentation\/\">B\u00e9jart Ballet Lausanne<\/a>.<\/strong><\/p>\n<p>Founded in 2007 by the choreographer, the Maurice B\u00e9jart Foundation seeks to protect the name \u201c<a href=\"https:\/\/www.bejart.ch\/en\/company\/maurice-bejart\/\">Maurice B\u00e9jart<\/a>\u201d and handles all the intellectual property rights of his work. It financially supports the B\u00e9jart Ballet Lausanne and provides scholarships to three trainees. Since fall 2016, it finances the BBL health plan which provides to all the Company dancers a preventative medical follow-up under the supervision of doctors, medical therapeutics and sports specialists.<\/p>\n<h4>Contact<\/h4>\n<p>Fondation Maurice B\u00e9jart<br \/>\nAvenue du L\u00e9man 2<br \/>\n1005 Lausanne<br \/>\nPhone:\u00a0+41 79 417 55 25<br \/>\n<a href=\"javascript:DeCryptX('2k0n3i0o2B3p2c3x0r1j2e2g0-2d0e0j3d3u1u310c1i')\">i&#110;&#102;&#111;&#64;&#109;&#97;&#117;&#114;&#105;&#99;&#101;&#45;&#98;ej&#97;&#114;&#116;.&#99;&#104;<\/a><\/p>\n<p><a href=\"http:\/\/www.maurice-bejart.ch\" target=\"_blank\" rel=\"noopener noreferrer\">www.maurice-bejart.ch<\/a><\/p>\n","protected":false},"excerpt":{"rendered":"<p>Led by Mrs. Ren\u00e9e Auphan-Fitting, the Maurice B\u00e9jart Foundation supports the B\u00e9jart Ballet Lausanne. Founded in 2007 by the choreographer, the Maurice B\u00e9jart Foundation seeks to protect the name \u201cMaurice B\u00e9jart\u201d and handles all the intellectual property rights of his work. It financially supports the B\u00e9jart Ballet Lausanne and provides scholarships to three trainees. Since [&hellip;]<\/p>\n","protected":false},"author":1,"featured_media":0,"parent":0,"menu_order":128,"comment_status":"closed","ping_status":"closed","template":"page-image.php","meta":{"_acf_changed":false,"_monsterinsights_skip_tracking":false,"_monsterinsights_sitenote_active":false,"_monsterinsights_sitenote_note":"","_monsterinsights_sitenote_category":0,"footnotes":""},"class_list":["post-9856","page","type-page","status-publish","hentry"],"acf":[],"_links":{"self":[{"href":"https:\/\/www.bejart.ch\/en\/wp-json\/wp\/v2\/pages\/9856","targetHints":{"allow":["GET"]}}],"collection":[{"href":"https:\/\/www.bejart.ch\/en\/wp-json\/wp\/v2\/pages"}],"about":[{"href":"https:\/\/www.bejart.ch\/en\/wp-json\/wp\/v2\/types\/page"}],"author":[{"embeddable":true,"href":"https:\/\/www.bejart.ch\/en\/wp-json\/wp\/v2\/users\/1"}],"replies":[{"embeddable":true,"href":"https:\/\/www.bejart.ch\/en\/wp-json\/wp\/v2\/comments?post=9856"}],"version-history":[{"count":0,"href":"https:\/\/www.bejart.ch\/en\/wp-json\/wp\/v2\/pages\/9856\/revisions"}],"wp:attachment":[{"href":"https:\/\/www.bejart.ch\/en\/wp-json\/wp\/v2\/media?parent=9856"}],"curies":[{"name":"wp","href":"https:\/\/api.w.org\/{rel}","templated":true}]}}