{"id":9866,"date":"2016-09-09T13:59:06","date_gmt":"2016-09-09T11:59:06","guid":{"rendered":"https:\/\/www.bejart.ch\/guests\/sthan-kabar-louet\/"},"modified":"2018-09-12T13:38:48","modified_gmt":"2018-09-12T11:38:48","slug":"sthan-kabar-louet","status":"publish","type":"page","link":"https:\/\/www.bejart.ch\/en\/collaboration\/choreographers\/sthan-kabar-louet\/","title":{"rendered":"Sthan Kabar-Lou\u00ebt"},"content":{"rendered":"<p>Native\u00a0from New Caledonia, Sthan Kabar Lou\u00ebt was a laureate in 1997 for the 1st Encouragement Prize \u2013 dance category &#8211; in the South Province of New Caledonia. In 1998, he joined the <a href=\"https:\/\/www.bejart.ch\/en\/rudra-bejart-school-lausanne\/\">Rudra B\u00e9jart School Lausanne<\/a> and a year later the <a href=\"https:\/\/www.bejart.ch\/en\/company\/presentation\/\">B\u00e9jart Ballet Lausanne<\/a>.<\/p>\n<p>In 2004, he created his first original work, <em>Les Oc\u00e9ans se parlent<\/em>, a choreographic encounter connecting three of Maurice B\u00e9jart\u2019 s soloists \u2013 Karline Marion, Catherine Zuasnabar and Julien Favreau \u2013 with local dancers originally from New Caledonia. In September 2005, he founded the Karbal Noum\u00e9a ballet, composed of dancers coming from various cultural and social backgrounds, as well as different dance levels and styles. The artistic originality that\u00a0marks Sthan Kabar Lou\u00ebt\u2019s work is\u00a0to connect classical ballets with oceanic dances.<\/p>\n<p><!--more-->Sthan Kabar Lou\u00ebt was the official choreographer for the opening ceremony for Christian Karembeu\u2019s Jubilee under FIFA\u2019s tutorship and project manager for the government of New Caledonia and the Music Conservatory in 2008. He was also artistic director for the closing ceremony of the 2011 Pacific Games. Since April 2010, he graduated as ballet teacher.<\/p>\n<p>In 2010, he created <a href=\"https:\/\/www.bejart.ch\/en\/ballet\/aliziam-o-est\/\"><em>Aliziam O-Est<\/em><\/a> for the B\u00e9jart Ballet Lausanne.<\/p>\n<p><a href=\"http:\/\/www.sthankabar-louet.com\" target=\"_blank\" rel=\"noopener noreferrer\">www.sthankabar-louet.com<\/a><\/p>\n","protected":false},"excerpt":{"rendered":"<p>Native\u00a0from New Caledonia, Sthan Kabar Lou\u00ebt was a laureate in 1997 for the 1st Encouragement Prize \u2013 dance category &#8211; in the South Province of New Caledonia. In 1998, he joined the Rudra B\u00e9jart School Lausanne and a year later the B\u00e9jart Ballet Lausanne. In 2004, he created his first original work, Les Oc\u00e9ans se [&hellip;]<\/p>\n","protected":false},"author":1,"featured_media":0,"parent":940,"menu_order":82,"comment_status":"closed","ping_status":"closed","template":"page-image.php","meta":{"_acf_changed":false,"_monsterinsights_skip_tracking":false,"_monsterinsights_sitenote_active":false,"_monsterinsights_sitenote_note":"","_monsterinsights_sitenote_category":0,"footnotes":""},"class_list":["post-9866","page","type-page","status-publish","hentry"],"acf":[],"_links":{"self":[{"href":"https:\/\/www.bejart.ch\/en\/wp-json\/wp\/v2\/pages\/9866","targetHints":{"allow":["GET"]}}],"collection":[{"href":"https:\/\/www.bejart.ch\/en\/wp-json\/wp\/v2\/pages"}],"about":[{"href":"https:\/\/www.bejart.ch\/en\/wp-json\/wp\/v2\/types\/page"}],"author":[{"embeddable":true,"href":"https:\/\/www.bejart.ch\/en\/wp-json\/wp\/v2\/users\/1"}],"replies":[{"embeddable":true,"href":"https:\/\/www.bejart.ch\/en\/wp-json\/wp\/v2\/comments?post=9866"}],"version-history":[{"count":0,"href":"https:\/\/www.bejart.ch\/en\/wp-json\/wp\/v2\/pages\/9866\/revisions"}],"up":[{"embeddable":true,"href":"https:\/\/www.bejart.ch\/en\/wp-json\/wp\/v2\/pages\/940"}],"wp:attachment":[{"href":"https:\/\/www.bejart.ch\/en\/wp-json\/wp\/v2\/media?parent=9866"}],"curies":[{"name":"wp","href":"https:\/\/api.w.org\/{rel}","templated":true}]}}