{"id":9868,"date":"2016-09-09T13:45:24","date_gmt":"2016-09-09T11:45:24","guid":{"rendered":"https:\/\/www.bejart.ch\/guests\/joost-vrouenraets\/"},"modified":"2022-02-18T14:58:02","modified_gmt":"2022-02-18T13:58:02","slug":"joost-vrouenraets","status":"publish","type":"page","link":"https:\/\/www.bejart.ch\/en\/collaboration\/choreographers\/joost-vrouenraets\/","title":{"rendered":"Joost Vrouenraets"},"content":{"rendered":"<p>Joost Vrouenraets was born in the Netherlands and studied at the Amsterdam School of the Arts. He then trained at the Rudra B\u00e9jart School in Lausanne before joining <a href=\"https:\/\/www.bejart.ch\/en\/company\/maurice-bejart\/\" target=\"_blank\" rel=\"noopener\">Maurice B\u00e9jart<\/a>&#8216;s Compagnie M and later the <a href=\"https:\/\/www.bejart.ch\/en\/company\/presentation\/\" target=\"_blank\" rel=\"noopener\">B\u00e9jart Ballet Lausanne<\/a> in 2004.<\/p>\n<p>&nbsp;<\/p>\n<p>In 2005, he founded Gotra Ballet with his dance partner, Ma\u00eft\u00e9 Gu\u00e9rin. His company has been invited to perform at many schools, companies, and European festivals. During Gotra&#8217;s 13 years of activity, the choreographer created nearly 89 ballets.<\/p>\n<p>&nbsp;<\/p>\n<p><!--more--><\/p>\n<p>Joost Vrouenraets has been invited all over the world by other companies as a guest choreographer. In 2009, he created his first work, <a href=\"https:\/\/www.bejart.ch\/en\/ballet\/ex-orbis\/\" target=\"_blank\" rel=\"noopener\"><em>Ex Orbis<\/em><\/a>, for the B\u00e9jart Ballet Lausanne at the request of Gil Roman. His career is marked by major works: <em>The Rite of Spring<\/em> (Southern Methodist University Dallas, 2013), <em>Schwarze Heimat<\/em> (commissioned by Nanine Linning for the Stadttheater in Osnabr\u00fcck, 2011), <em>Heroes Quest<\/em>, a recital in collaboration with Steinway pianist Gloria Campaner (Borletti-Buitoni Trust &amp; Renzo Piano Theater l&#8217;Aquila, 2014), <em>West Side Story<\/em> (Theater Aachen, 2014), and <em>Fall of a sparrow <\/em>(SCAPINO Ballet Rotterdam, 2021). He has been invited by the Vietnamese company Ho Chin Minh Ballet every year since 2017.<\/p>\n<p>&nbsp;<\/p>\n<p>His choreographic work is very diverse. In 2015, he created <em>Kokoro<\/em>, a dance marathon he performs himself: he danced this solo from Heerlen to Maastricht, two cities in the Netherlands, over 29 km and for almost nine hours. From March 2020, during the pandemic, he collaborated with David Peskens, a photographer for National Geographic. Their <em>Red Circles project<\/em> led them to perform in all 352 Dutch municipalities.<\/p>\n<p>&nbsp;<\/p>\n<p>In 2008, he received the &#8220;Most Promising Choreographer&#8221; award at the prestigious Dutch Dance Days in Maastricht. Five years later, he was awarded the Prince Bernhard Cultural Foundation&#8217;s Inspiration Award and ranked 5th at Best Cultural Event (USA) for his creation <em>The Rite of Spring<\/em>. In 2017, he was nominated for a Silver Camera for his collaboration with photographer David Peskens and was awarded the 1st prize at the World Champion Ship (WMC Kerkrade) for <em>The Rite of Spring<\/em>.<\/p>\n<p>&nbsp;<\/p>\n<p>In 2019, he received a master&#8217;s degree in Body Movement Co-creation. During this time, he worked on the relationship between the spine, <em>Hamlet<\/em> (Shakespeare, 1601) and <em>L&#8217;Histoire de la folie<\/em> (Michel Foucault, 1961).<\/p>\n<p>&nbsp;<\/p>\n<p>In 2022, he created <a href=\"https:\/\/www.bejart.ch\/en\/ballet\/bye-bye-baby-blackbird\/\"><em>Bye bye baby blackbird<\/em><\/a> for the B\u00e9jart Ballet Lausanne.<\/p>\n<p>&nbsp;<\/p>\n<p>&nbsp;<\/p>\n","protected":false},"excerpt":{"rendered":"<p>Joost Vrouenraets was born in the Netherlands and studied at the Amsterdam School of the Arts. He then trained at the Rudra B\u00e9jart School in Lausanne before joining Maurice B\u00e9jart&#8216;s Compagnie M and later the B\u00e9jart Ballet Lausanne in 2004. &nbsp; In 2005, he founded Gotra Ballet with his dance partner, Ma\u00eft\u00e9 Gu\u00e9rin. His company [&hellip;]<\/p>\n","protected":false},"author":1,"featured_media":0,"parent":940,"menu_order":88,"comment_status":"closed","ping_status":"closed","template":"page-image.php","meta":{"_acf_changed":false,"_monsterinsights_skip_tracking":false,"_monsterinsights_sitenote_active":false,"_monsterinsights_sitenote_note":"","_monsterinsights_sitenote_category":0,"footnotes":""},"class_list":["post-9868","page","type-page","status-publish","hentry"],"acf":[],"_links":{"self":[{"href":"https:\/\/www.bejart.ch\/en\/wp-json\/wp\/v2\/pages\/9868","targetHints":{"allow":["GET"]}}],"collection":[{"href":"https:\/\/www.bejart.ch\/en\/wp-json\/wp\/v2\/pages"}],"about":[{"href":"https:\/\/www.bejart.ch\/en\/wp-json\/wp\/v2\/types\/page"}],"author":[{"embeddable":true,"href":"https:\/\/www.bejart.ch\/en\/wp-json\/wp\/v2\/users\/1"}],"replies":[{"embeddable":true,"href":"https:\/\/www.bejart.ch\/en\/wp-json\/wp\/v2\/comments?post=9868"}],"version-history":[{"count":0,"href":"https:\/\/www.bejart.ch\/en\/wp-json\/wp\/v2\/pages\/9868\/revisions"}],"up":[{"embeddable":true,"href":"https:\/\/www.bejart.ch\/en\/wp-json\/wp\/v2\/pages\/940"}],"wp:attachment":[{"href":"https:\/\/www.bejart.ch\/en\/wp-json\/wp\/v2\/media?parent=9868"}],"curies":[{"name":"wp","href":"https:\/\/api.w.org\/{rel}","templated":true}]}}