{"id":10273,"date":"2017-03-20T10:10:43","date_gmt":"2017-03-20T09:10:43","guid":{"rendered":"https:\/\/www.bejart.ch\/produit\/cadanse-v-t-m-et-variations-bejart-fete-maurice\/"},"modified":"2017-08-28T14:09:59","modified_gmt":"2017-08-28T12:09:59","slug":"cadanse-v-t-m-et-variations-bejart-fete-maurice","status":"publish","type":"product","link":"https:\/\/www.bejart.ch\/en\/produit\/cadanse-v-t-m-et-variations-bejart-fete-maurice\/","title":{"rendered":"Cadanse V \u2013 t &#8216;M et variations&#8230;, B\u00e9jart f\u00eate Maurice"},"content":{"rendered":"<p>B\u00e9jart Ballet Lausanne December 2016 program. Behind the scenes of <em>t &#8216;M et variations&#8230;<\/em>, new work by Gil Roman. Everything about the &#8220;homage&#8221; ballet <em>B\u00e9jart f\u00eate Maurice<\/em>, marking the 2017 celebrations (30 years since B\u00e9jart Ballet Lausanne was founded and 10 years since Maurice B\u00e9jart\u2019s demise). Historical record with a portfolio of Marcel Imsand and a text about the creation of BBL.<\/p>\n","protected":false},"excerpt":{"rendered":"<ul>\n<li>In French<\/li>\n<\/ul>\n","protected":false},"featured_media":8059,"template":"","meta":{"_acf_changed":false,"_monsterinsights_skip_tracking":false,"_monsterinsights_sitenote_active":false,"_monsterinsights_sitenote_note":"","_monsterinsights_sitenote_category":0,"wds_primary_product_brand":0,"wds_primary_product_cat":0},"product_brand":[],"product_cat":[187],"product_tag":[190,220,221,230,231,188,189],"class_list":{"0":"post-10273","1":"product","2":"type-product","3":"status-publish","4":"has-post-thumbnail","6":"product_cat-cadanse-en-2","7":"product_tag-programme-en","8":"product_tag-bejart-fete-maurice-en","9":"product_tag-decembre-2016-en","10":"product_tag-t-m-et-variations-en","11":"product_tag-marcel-imsand-en","12":"product_tag-maurice-bejart-en","13":"product_tag-gil-roman-en","15":"first","16":"instock","17":"shipping-taxable","18":"purchasable","19":"product-type-simple"},"acf":[],"_links":{"self":[{"href":"https:\/\/www.bejart.ch\/en\/wp-json\/wp\/v2\/product\/10273","targetHints":{"allow":["GET"]}}],"collection":[{"href":"https:\/\/www.bejart.ch\/en\/wp-json\/wp\/v2\/product"}],"about":[{"href":"https:\/\/www.bejart.ch\/en\/wp-json\/wp\/v2\/types\/product"}],"wp:featuredmedia":[{"embeddable":true,"href":"https:\/\/www.bejart.ch\/en\/wp-json\/wp\/v2\/media\/8059"}],"wp:attachment":[{"href":"https:\/\/www.bejart.ch\/en\/wp-json\/wp\/v2\/media?parent=10273"}],"wp:term":[{"taxonomy":"product_brand","embeddable":true,"href":"https:\/\/www.bejart.ch\/en\/wp-json\/wp\/v2\/product_brand?post=10273"},{"taxonomy":"product_cat","embeddable":true,"href":"https:\/\/www.bejart.ch\/en\/wp-json\/wp\/v2\/product_cat?post=10273"},{"taxonomy":"product_tag","embeddable":true,"href":"https:\/\/www.bejart.ch\/en\/wp-json\/wp\/v2\/product_tag?post=10273"}],"curies":[{"name":"wp","href":"https:\/\/api.w.org\/{rel}","templated":true}]}}