{"id":10278,"date":"2017-02-24T16:07:12","date_gmt":"2017-02-24T15:07:12","guid":{"rendered":"https:\/\/www.bejart.ch\/produit\/la-barre-le-miroir-le-sol-tu-peux-danser\/"},"modified":"2024-06-10T19:16:12","modified_gmt":"2024-06-10T17:16:12","slug":"la-barre-le-miroir-le-sol-tu-peux-danser","status":"publish","type":"product","link":"https:\/\/www.bejart.ch\/en\/produit\/la-barre-le-miroir-le-sol-tu-peux-danser\/","title":{"rendered":"La Barre, le Miroir, le Sol, tu peux danser"},"content":{"rendered":"<p>Fran\u00e7ois Paolini invites us to see the intimacy, the little rituals and the Saint-des-saints ambiences of the B\u00e9jart dancers as they enter stage. With this, never betraying the very essence of <em>Lettres \u00e0 un jeune danseur<\/em>\u00a0de Maurice B\u00e9jart. (Editions : Fondation Maurice B\u00e9jart, 2016. Textes : Maurice B\u00e9jart. Photos : Fran\u00e7ois Paolini).<\/p>\n","protected":false},"excerpt":{"rendered":"<p>Fran\u00e7ois Paolini invites us to see the intimacy, the little rituals and the Saint-des-saints ambiences of the B\u00e9jart dancers as they enter stage. With this, never betraying the very essence of Lettres \u00e0 un jeune danseur\u00a0de Maurice B\u00e9jart. (Editions : Fondation Maurice B\u00e9jart, 2016. Textes : Maurice B\u00e9jart. Photos : Fran\u00e7ois Paolini).<\/p>\n","protected":false},"featured_media":8053,"template":"","meta":{"_acf_changed":false,"_monsterinsights_skip_tracking":false,"_monsterinsights_sitenote_active":false,"_monsterinsights_sitenote_note":"","_monsterinsights_sitenote_category":0,"wds_primary_product_brand":0,"wds_primary_product_cat":0},"product_brand":[],"product_cat":[206,357],"product_tag":[188,207,234,235],"class_list":{"0":"post-10278","1":"product","2":"type-product","3":"status-publish","4":"has-post-thumbnail","6":"product_cat-livres-en","7":"product_cat-sale","8":"product_tag-maurice-bejart-en","9":"product_tag-livre-en","10":"product_tag-repetitions-en","11":"product_tag-photos-en","13":"first","14":"instock","15":"sale","16":"shipping-taxable","17":"purchasable","18":"product-type-simple"},"acf":[],"_links":{"self":[{"href":"https:\/\/www.bejart.ch\/en\/wp-json\/wp\/v2\/product\/10278","targetHints":{"allow":["GET"]}}],"collection":[{"href":"https:\/\/www.bejart.ch\/en\/wp-json\/wp\/v2\/product"}],"about":[{"href":"https:\/\/www.bejart.ch\/en\/wp-json\/wp\/v2\/types\/product"}],"wp:featuredmedia":[{"embeddable":true,"href":"https:\/\/www.bejart.ch\/en\/wp-json\/wp\/v2\/media\/8053"}],"wp:attachment":[{"href":"https:\/\/www.bejart.ch\/en\/wp-json\/wp\/v2\/media?parent=10278"}],"wp:term":[{"taxonomy":"product_brand","embeddable":true,"href":"https:\/\/www.bejart.ch\/en\/wp-json\/wp\/v2\/product_brand?post=10278"},{"taxonomy":"product_cat","embeddable":true,"href":"https:\/\/www.bejart.ch\/en\/wp-json\/wp\/v2\/product_cat?post=10278"},{"taxonomy":"product_tag","embeddable":true,"href":"https:\/\/www.bejart.ch\/en\/wp-json\/wp\/v2\/product_tag?post=10278"}],"curies":[{"name":"wp","href":"https:\/\/api.w.org\/{rel}","templated":true}]}}