{"id":10317,"date":"2017-02-24T13:46:28","date_gmt":"2017-02-24T12:46:28","guid":{"rendered":"https:\/\/www.bejart.ch\/produit\/cadanse-iii\/"},"modified":"2017-08-28T15:47:41","modified_gmt":"2017-08-28T13:47:41","slug":"cadanse-iii","status":"publish","type":"product","link":"https:\/\/www.bejart.ch\/en\/produit\/cadanse-iii\/","title":{"rendered":"Cadanse III &#8211; Tomb\u00e9es de la derni\u00e8re pluie, Piaf, Le Mandarin merveilleux"},"content":{"rendered":"<p>B\u00e9jart Ballet Lausanne\u2019s program, December 2015. Information on the ballets, diary of the creation of <em>Tomb\u00e9es de la derni\u00e8re pluie<\/em>, Gil Roman\u2019s interview on his choreographic work, all the details about the B\u00e9jart Ballet Lausanne and a portofolio by artist photographer <a href=\"https:\/\/www.bejart.ch\/galerie-photos\/leonore-baud\/\">L\u00e9onore Baud<\/a>.<\/p>\n","protected":false},"excerpt":{"rendered":"<ul>\n<li>In French<\/li>\n<\/ul>\n","protected":false},"featured_media":7426,"template":"","meta":{"_acf_changed":false,"_monsterinsights_skip_tracking":false,"_monsterinsights_sitenote_active":false,"_monsterinsights_sitenote_note":"","_monsterinsights_sitenote_category":0,"wds_primary_product_brand":0,"wds_primary_product_cat":0},"product_brand":[],"product_cat":[187],"product_tag":[190,196,240,241,242],"class_list":{"0":"post-10317","1":"product","2":"type-product","3":"status-publish","4":"has-post-thumbnail","6":"product_cat-cadanse-en-2","7":"product_tag-programme-en","8":"product_tag-tombees-de-la-derniere-pluie-en","9":"product_tag-piaf-en","10":"product_tag-le-mandarin-merveilleux-en","11":"product_tag-decembre-2015-en","13":"first","14":"instock","15":"shipping-taxable","16":"purchasable","17":"product-type-simple"},"acf":[],"_links":{"self":[{"href":"https:\/\/www.bejart.ch\/en\/wp-json\/wp\/v2\/product\/10317","targetHints":{"allow":["GET"]}}],"collection":[{"href":"https:\/\/www.bejart.ch\/en\/wp-json\/wp\/v2\/product"}],"about":[{"href":"https:\/\/www.bejart.ch\/en\/wp-json\/wp\/v2\/types\/product"}],"wp:featuredmedia":[{"embeddable":true,"href":"https:\/\/www.bejart.ch\/en\/wp-json\/wp\/v2\/media\/7426"}],"wp:attachment":[{"href":"https:\/\/www.bejart.ch\/en\/wp-json\/wp\/v2\/media?parent=10317"}],"wp:term":[{"taxonomy":"product_brand","embeddable":true,"href":"https:\/\/www.bejart.ch\/en\/wp-json\/wp\/v2\/product_brand?post=10317"},{"taxonomy":"product_cat","embeddable":true,"href":"https:\/\/www.bejart.ch\/en\/wp-json\/wp\/v2\/product_cat?post=10317"},{"taxonomy":"product_tag","embeddable":true,"href":"https:\/\/www.bejart.ch\/en\/wp-json\/wp\/v2\/product_tag?post=10317"}],"curies":[{"name":"wp","href":"https:\/\/api.w.org\/{rel}","templated":true}]}}