{"id":35787,"date":"2023-01-11T10:40:45","date_gmt":"2023-01-11T09:40:45","guid":{"rendered":"https:\/\/www.bejart.ch\/?post_type=product&#038;p=35787"},"modified":"2024-08-23T15:23:53","modified_gmt":"2024-08-23T13:23:53","slug":"cadanse-xi-wien-wien-nur-du-allein-2022","status":"publish","type":"product","link":"https:\/\/www.bejart.ch\/en\/produit\/cadanse-xi-wien-wien-nur-du-allein-2022\/","title":{"rendered":"Cadanse XI \u2013 Wien, Wien, nur du Allein 2022"},"content":{"rendered":"<p>B\u00e9jart Ballet Lausanne December 2022 program.<\/p>\n<p><a href=\"https:\/\/www.bejart.ch\/en\/ballet\/wien-wien-nur-du-allein\/\" target=\"_blank\" rel=\"noopener\"><em>Wien Wien, nur du Allein<\/em><\/a>, a choreography by <a href=\"https:\/\/www.bejart.ch\/en\/company\/maurice-bejart\/\" target=\"_blank\" rel=\"noopener\">Maurice B\u00e9jart<\/a> was danced for the first time by the BBL at the Th\u00e9\u00e2tre de Beaulieu in December 2022. This return to Beaulieu after a three-year closure will go down in the company&#8217;s annals. For the tremendous success, but also for its artistic record. Page after page, discover the intentions and anecdotes of the show.<\/p>\n<p>Created in 1982 by the Ballet du XXe Si\u00e8cle as a preview at the Th\u00e9\u00e2tre de la Monnaie in Brussels, one month before its world premiere at the Ch\u00e2telet in Paris, <em>Wien, Wien, nur du Allein<\/em> is one of Maurice B\u00e9jart&#8217;s most outstanding works: a composition of great choreographic richness and precision.<\/p>\n<p>This issue of Cadanse also presents the <a href=\"https:\/\/www.bejart.ch\/galerie-photos\/anoush-abrar\/\" target=\"_blank\" rel=\"noopener\">Carte blanche<\/a> given to photographer Anoush Abrar, &#8220;my aim was to make these dancers desirable. They are all so beautiful! I had to find a way to make this dimension close to fantasy. The question was how to arouse the desire of these bodies, these intelligences, these artists&#8221;.<\/p>\n","protected":false},"excerpt":{"rendered":"<p>B\u00e9jart Ballet Lausanne December 2022 program. Wien Wien, nur du Allein, a choreography by Maurice B\u00e9jart was danced for the first time by the BBL at the Th\u00e9\u00e2tre de Beaulieu in December 2022. This return to Beaulieu after a three-year closure will go down in the company&#8217;s annals. For the tremendous success, but also for [&hellip;]<\/p>\n","protected":false},"featured_media":35786,"template":"","meta":{"_acf_changed":false,"_monsterinsights_skip_tracking":false,"_monsterinsights_sitenote_active":false,"_monsterinsights_sitenote_note":"","_monsterinsights_sitenote_category":0,"wds_primary_product_brand":0,"wds_primary_product_cat":0},"product_brand":[],"product_cat":[187],"product_tag":[],"class_list":{"0":"post-35787","1":"product","2":"type-product","3":"status-publish","4":"has-post-thumbnail","6":"product_cat-cadanse-en-2","8":"first","9":"instock","10":"shipping-taxable","11":"purchasable","12":"product-type-simple"},"acf":[],"_links":{"self":[{"href":"https:\/\/www.bejart.ch\/en\/wp-json\/wp\/v2\/product\/35787","targetHints":{"allow":["GET"]}}],"collection":[{"href":"https:\/\/www.bejart.ch\/en\/wp-json\/wp\/v2\/product"}],"about":[{"href":"https:\/\/www.bejart.ch\/en\/wp-json\/wp\/v2\/types\/product"}],"wp:featuredmedia":[{"embeddable":true,"href":"https:\/\/www.bejart.ch\/en\/wp-json\/wp\/v2\/media\/35786"}],"wp:attachment":[{"href":"https:\/\/www.bejart.ch\/en\/wp-json\/wp\/v2\/media?parent=35787"}],"wp:term":[{"taxonomy":"product_brand","embeddable":true,"href":"https:\/\/www.bejart.ch\/en\/wp-json\/wp\/v2\/product_brand?post=35787"},{"taxonomy":"product_cat","embeddable":true,"href":"https:\/\/www.bejart.ch\/en\/wp-json\/wp\/v2\/product_cat?post=35787"},{"taxonomy":"product_tag","embeddable":true,"href":"https:\/\/www.bejart.ch\/en\/wp-json\/wp\/v2\/product_tag?post=35787"}],"curies":[{"name":"wp","href":"https:\/\/api.w.org\/{rel}","templated":true}]}}