{"id":36140,"date":"2023-01-23T13:00:56","date_gmt":"2023-01-23T12:03:15","guid":{"rendered":"https:\/\/www.bejart.ch\/?post_type=product&#038;p=36140"},"modified":"2023-01-23T14:46:00","modified_gmt":"2023-01-23T13:46:00","slug":"ma-vie-dans-le-ballet-azari-plissetski","status":"publish","type":"product","link":"https:\/\/www.bejart.ch\/en\/produit\/ma-vie-dans-le-ballet-azari-plissetski\/","title":{"rendered":"Ma vie dans le ballet, Azari Plissetski"},"content":{"rendered":"<p>The ma\u00eetre de ballet and renowned dancer Azari Plissetski offers us his memoirs, a rare testimony to the world artistic landscape of the 20th century and the \u00e9toiles of Russian ballet, the most brilliant of whom is none other than his sister: Ma\u00efa Plissetska\u00efa.<\/p>\n","protected":false},"excerpt":{"rendered":"<ul>\n<li>Language: French<\/li>\n<\/ul>\n","protected":false},"featured_media":36137,"template":"","meta":{"_acf_changed":false,"_monsterinsights_skip_tracking":false,"_monsterinsights_sitenote_active":false,"_monsterinsights_sitenote_note":"","_monsterinsights_sitenote_category":0,"wds_primary_product_brand":0,"wds_primary_product_cat":0},"product_brand":[],"product_cat":[206],"product_tag":[],"class_list":{"0":"post-36140","1":"product","2":"type-product","3":"status-publish","4":"has-post-thumbnail","6":"product_cat-livres-en","8":"first","9":"outofstock","10":"shipping-taxable","11":"purchasable","12":"product-type-simple"},"acf":[],"_links":{"self":[{"href":"https:\/\/www.bejart.ch\/en\/wp-json\/wp\/v2\/product\/36140","targetHints":{"allow":["GET"]}}],"collection":[{"href":"https:\/\/www.bejart.ch\/en\/wp-json\/wp\/v2\/product"}],"about":[{"href":"https:\/\/www.bejart.ch\/en\/wp-json\/wp\/v2\/types\/product"}],"wp:featuredmedia":[{"embeddable":true,"href":"https:\/\/www.bejart.ch\/en\/wp-json\/wp\/v2\/media\/36137"}],"wp:attachment":[{"href":"https:\/\/www.bejart.ch\/en\/wp-json\/wp\/v2\/media?parent=36140"}],"wp:term":[{"taxonomy":"product_brand","embeddable":true,"href":"https:\/\/www.bejart.ch\/en\/wp-json\/wp\/v2\/product_brand?post=36140"},{"taxonomy":"product_cat","embeddable":true,"href":"https:\/\/www.bejart.ch\/en\/wp-json\/wp\/v2\/product_cat?post=36140"},{"taxonomy":"product_tag","embeddable":true,"href":"https:\/\/www.bejart.ch\/en\/wp-json\/wp\/v2\/product_tag?post=36140"}],"curies":[{"name":"wp","href":"https:\/\/api.w.org\/{rel}","templated":true}]}}