{"id":42231,"date":"2025-02-05T16:07:19","date_gmt":"2025-02-05T15:07:19","guid":{"rendered":"https:\/\/www.bejart.ch\/produit\/affiche-theatre-de-beaulieu-bolero\/"},"modified":"2025-02-05T16:10:30","modified_gmt":"2025-02-05T15:10:30","slug":"affiche-theatre-de-beaulieu-bolero","status":"publish","type":"product","link":"https:\/\/www.bejart.ch\/en\/produit\/affiche-theatre-de-beaulieu-bolero\/","title":{"rendered":"Poster &#8211; Th\u00e9\u00e2tre de Beaulieu| Bol\u00e9ro"},"content":{"rendered":"","protected":false},"excerpt":{"rendered":"<ul>\n<li>Poster of the June 2024 performances at the Th\u00e9\u00e2tre de Beaulieu<\/li>\n<li>Format: F4<\/li>\n<li>Graphic design: Avalanche.studio<\/li>\n<li>Image: Fran\u00e7ois Paolini<\/li>\n<\/ul>\n","protected":false},"featured_media":42230,"template":"","meta":{"_acf_changed":false,"_monsterinsights_skip_tracking":false,"_monsterinsights_sitenote_active":false,"_monsterinsights_sitenote_note":"","_monsterinsights_sitenote_category":0,"wds_primary_product_brand":0,"wds_primary_product_cat":0},"product_brand":[],"product_cat":[297],"product_tag":[],"class_list":{"0":"post-42231","1":"product","2":"type-product","3":"status-publish","4":"has-post-thumbnail","6":"product_cat-posters","8":"first","9":"instock","10":"shipping-taxable","11":"product-type-variable"},"acf":[],"_links":{"self":[{"href":"https:\/\/www.bejart.ch\/en\/wp-json\/wp\/v2\/product\/42231","targetHints":{"allow":["GET"]}}],"collection":[{"href":"https:\/\/www.bejart.ch\/en\/wp-json\/wp\/v2\/product"}],"about":[{"href":"https:\/\/www.bejart.ch\/en\/wp-json\/wp\/v2\/types\/product"}],"wp:featuredmedia":[{"embeddable":true,"href":"https:\/\/www.bejart.ch\/en\/wp-json\/wp\/v2\/media\/42230"}],"wp:attachment":[{"href":"https:\/\/www.bejart.ch\/en\/wp-json\/wp\/v2\/media?parent=42231"}],"wp:term":[{"taxonomy":"product_brand","embeddable":true,"href":"https:\/\/www.bejart.ch\/en\/wp-json\/wp\/v2\/product_brand?post=42231"},{"taxonomy":"product_cat","embeddable":true,"href":"https:\/\/www.bejart.ch\/en\/wp-json\/wp\/v2\/product_cat?post=42231"},{"taxonomy":"product_tag","embeddable":true,"href":"https:\/\/www.bejart.ch\/en\/wp-json\/wp\/v2\/product_tag?post=42231"}],"curies":[{"name":"wp","href":"https:\/\/api.w.org\/{rel}","templated":true}]}}