{"id":43151,"date":"2025-09-30T13:30:48","date_gmt":"2025-09-30T11:30:48","guid":{"rendered":"https:\/\/www.bejart.ch\/?post_type=product&#038;p=43151"},"modified":"2025-10-08T20:27:32","modified_gmt":"2025-10-08T18:27:32","slug":"poster-theatre-de-beaulieubejart-3-regards-dionysos-suite","status":"publish","type":"product","link":"https:\/\/www.bejart.ch\/en\/produit\/poster-theatre-de-beaulieubejart-3-regards-dionysos-suite\/","title":{"rendered":"Poster &#8211; Th\u00e9\u00e2tre de Beaulieu|B\u00e9jart, 3 Regards \u2013 Dionysos (Suite)"},"content":{"rendered":"","protected":false},"excerpt":{"rendered":"<p>Poster of the June 2025 performance at the Th\u00e9\u00e2tre de Beaulieu, Lausanne.<br \/>\nFormats : A2, A3<br \/>\nGraphic Designer: Atelier Poisson<br \/>\nPicture: \u00a9 BBL \u2013 Francette Levieux<\/p>\n","protected":false},"featured_media":43108,"template":"","meta":{"_acf_changed":false,"_monsterinsights_skip_tracking":false,"_monsterinsights_sitenote_active":false,"_monsterinsights_sitenote_note":"","_monsterinsights_sitenote_category":0,"wds_primary_product_brand":0,"wds_primary_product_cat":0},"product_brand":[],"product_cat":[297],"product_tag":[188,219,252],"class_list":{"0":"post-43151","1":"product","2":"type-product","3":"status-publish","4":"has-post-thumbnail","6":"product_cat-posters","7":"product_tag-maurice-bejart-en","8":"product_tag-affiche-en","9":"product_tag-bejart-ballet-lausanne-en","11":"first","12":"instock","13":"shipping-taxable","14":"purchasable","15":"product-type-variable"},"acf":[],"_links":{"self":[{"href":"https:\/\/www.bejart.ch\/en\/wp-json\/wp\/v2\/product\/43151","targetHints":{"allow":["GET"]}}],"collection":[{"href":"https:\/\/www.bejart.ch\/en\/wp-json\/wp\/v2\/product"}],"about":[{"href":"https:\/\/www.bejart.ch\/en\/wp-json\/wp\/v2\/types\/product"}],"wp:featuredmedia":[{"embeddable":true,"href":"https:\/\/www.bejart.ch\/en\/wp-json\/wp\/v2\/media\/43108"}],"wp:attachment":[{"href":"https:\/\/www.bejart.ch\/en\/wp-json\/wp\/v2\/media?parent=43151"}],"wp:term":[{"taxonomy":"product_brand","embeddable":true,"href":"https:\/\/www.bejart.ch\/en\/wp-json\/wp\/v2\/product_brand?post=43151"},{"taxonomy":"product_cat","embeddable":true,"href":"https:\/\/www.bejart.ch\/en\/wp-json\/wp\/v2\/product_cat?post=43151"},{"taxonomy":"product_tag","embeddable":true,"href":"https:\/\/www.bejart.ch\/en\/wp-json\/wp\/v2\/product_tag?post=43151"}],"curies":[{"name":"wp","href":"https:\/\/api.w.org\/{rel}","templated":true}]}}